{"id":3635,"date":"2024-04-23T12:01:07","date_gmt":"2024-04-23T12:01:07","guid":{"rendered":"https:\/\/play-slots.games\/?page_id=3635"},"modified":"2024-05-08T09:41:57","modified_gmt":"2024-05-08T09:41:57","slug":"play-game","status":"publish","type":"page","link":"https:\/\/play-slots.games\/pt\/play-game\/","title":{"rendered":"Informa\u00e7\u00f5es sobre o servi\u00e7o"},"content":{"rendered":"<div class=\"09a0407c1a926cb2e6e514cdcae34d94\" data-index=\"1\" style=\"float: none; margin:10px 0 10px 0; text-align:center;\">\n<center>        <div class=\"custom-play-button\">\r\n            <b><a href=\"https:\/\/play-slots.games\/play-game\/\" rel=\"nofollow\" target=\"_blank\">Jogue o jogo agora<\/a><\/b>\r\n        <\/div>\r\n<\/center>\n<\/div>\n<p><img loading=\"lazy\" decoding=\"async\" class=\"alignnone size-full wp-image-3279\"  title=\"Informa\u00e7\u00f5es sobre o servi\u00e7o\"  src=\"https:\/\/play-slots.games\/wp-content\/uploads\/loading.png\"  alt=\"Informa\u00e7\u00f5es sobre o servi\u00e7o\"  width=\"566\" height=\"360\" \/><\/p>\n<p><center><\/center><\/p>\n<h1>Estamos verificando se este jogo est\u00e1 dispon\u00edvel e permitido em sua regi\u00e3o.<\/h1>\n<p>&nbsp;<\/p>\n\n<div style=\"font-size: 0px; height: 0px; line-height: 0px; margin: 0; padding: 0; clear: both;\"><\/div>","protected":false},"excerpt":{"rendered":"<p>Play Game Now We are currently checking whether this game is available and allowed in your region. &nbsp;<\/p>","protected":false},"author":1,"featured_media":0,"parent":0,"menu_order":0,"comment_status":"closed","ping_status":"closed","template":"","meta":{"footnotes":""},"class_list":["post-3635","page","type-page","status-publish","hentry"],"acf":[],"yoast_head":"<!-- This site is optimized with the Yoast SEO plugin v23.9 - https:\/\/yoast.com\/wordpress\/plugins\/seo\/ -->\n<title>Service information - Play Slots Games<\/title>\n<meta name=\"robots\" content=\"index, follow, max-snippet:-1, max-image-preview:large, max-video-preview:-1\" \/>\n<link rel=\"canonical\" href=\"https:\/\/play-slots.games\/pt\/play-game\/\" \/>\n<meta property=\"og:locale\" content=\"pt_BR\" \/>\n<meta property=\"og:type\" content=\"article\" \/>\n<meta property=\"og:title\" content=\"Service information - Play Slots Games\" \/>\n<meta property=\"og:description\" content=\"We are currently checking whether this game is available and allowed in your region. &nbsp;\" \/>\n<meta property=\"og:url\" content=\"https:\/\/play-slots.games\/pt\/play-game\/\" \/>\n<meta property=\"og:site_name\" content=\"Play Slots Games\" \/>\n<meta property=\"article:modified_time\" content=\"2024-05-08T09:41:57+00:00\" \/>\n<meta property=\"og:image\" content=\"https:\/\/play-slots.games\/wp-content\/uploads\/loading.png\" \/>\n<meta name=\"twitter:card\" content=\"summary_large_image\" \/>\n<script type=\"application\/ld+json\" class=\"yoast-schema-graph\">{\"@context\":\"https:\/\/schema.org\",\"@graph\":[{\"@type\":\"WebPage\",\"@id\":\"https:\/\/play-slots.games\/play-game\/\",\"url\":\"https:\/\/play-slots.games\/play-game\/\",\"name\":\"Service information - Play Slots Games\",\"isPartOf\":{\"@id\":\"https:\/\/play-slots.games\/#website\"},\"primaryImageOfPage\":{\"@id\":\"https:\/\/play-slots.games\/play-game\/#primaryimage\"},\"image\":{\"@id\":\"https:\/\/play-slots.games\/play-game\/#primaryimage\"},\"thumbnailUrl\":\"https:\/\/play-slots.games\/wp-content\/uploads\/loading.png\",\"datePublished\":\"2024-04-23T12:01:07+00:00\",\"dateModified\":\"2024-05-08T09:41:57+00:00\",\"breadcrumb\":{\"@id\":\"https:\/\/play-slots.games\/play-game\/#breadcrumb\"},\"inLanguage\":\"pt-BR\",\"potentialAction\":[{\"@type\":\"ReadAction\",\"target\":[\"https:\/\/play-slots.games\/play-game\/\"]}]},{\"@type\":\"ImageObject\",\"inLanguage\":\"pt-BR\",\"@id\":\"https:\/\/play-slots.games\/play-game\/#primaryimage\",\"url\":\"https:\/\/play-slots.games\/wp-content\/uploads\/loading.png\",\"contentUrl\":\"https:\/\/play-slots.games\/wp-content\/uploads\/loading.png\"},{\"@type\":\"BreadcrumbList\",\"@id\":\"https:\/\/play-slots.games\/play-game\/#breadcrumb\",\"itemListElement\":[{\"@type\":\"ListItem\",\"position\":1,\"name\":\"Home\",\"item\":\"https:\/\/play-slots.games\/\"},{\"@type\":\"ListItem\",\"position\":2,\"name\":\"Service information\"}]},{\"@type\":\"WebSite\",\"@id\":\"https:\/\/play-slots.games\/#website\",\"url\":\"https:\/\/play-slots.games\/\",\"name\":\"Play Slots Games\",\"description\":\"Online Slots Reviews by Patrick Moriarty\",\"publisher\":{\"@id\":\"https:\/\/play-slots.games\/#organization\"},\"potentialAction\":[{\"@type\":\"SearchAction\",\"target\":{\"@type\":\"EntryPoint\",\"urlTemplate\":\"https:\/\/play-slots.games\/?s={search_term_string}\"},\"query-input\":{\"@type\":\"PropertyValueSpecification\",\"valueRequired\":true,\"valueName\":\"search_term_string\"}}],\"inLanguage\":\"pt-BR\"},{\"@type\":\"Organization\",\"@id\":\"https:\/\/play-slots.games\/#organization\",\"name\":\"Play Slots Games\",\"url\":\"https:\/\/play-slots.games\/\",\"logo\":{\"@type\":\"ImageObject\",\"inLanguage\":\"pt-BR\",\"@id\":\"https:\/\/play-slots.games\/#\/schema\/logo\/image\/\",\"url\":\"https:\/\/play-slots.games\/wp-content\/uploads\/play-slots.games-logo-1.jpeg\",\"contentUrl\":\"https:\/\/play-slots.games\/wp-content\/uploads\/play-slots.games-logo-1.jpeg\",\"width\":1024,\"height\":1024,\"caption\":\"Play Slots Games\"},\"image\":{\"@id\":\"https:\/\/play-slots.games\/#\/schema\/logo\/image\/\"}}]}<\/script>\n<!-- \/ Yoast SEO plugin. -->","yoast_head_json":{"title":"Service information - Play Slots Games","robots":{"index":"index","follow":"follow","max-snippet":"max-snippet:-1","max-image-preview":"max-image-preview:large","max-video-preview":"max-video-preview:-1"},"canonical":"https:\/\/play-slots.games\/pt\/play-game\/","og_locale":"pt_BR","og_type":"article","og_title":"Service information - Play Slots Games","og_description":"We are currently checking whether this game is available and allowed in your region. &nbsp;","og_url":"https:\/\/play-slots.games\/pt\/play-game\/","og_site_name":"Play Slots Games","article_modified_time":"2024-05-08T09:41:57+00:00","og_image":[{"url":"https:\/\/play-slots.games\/wp-content\/uploads\/loading.png"}],"twitter_card":"summary_large_image","schema":{"@context":"https:\/\/schema.org","@graph":[{"@type":"WebPage","@id":"https:\/\/play-slots.games\/play-game\/","url":"https:\/\/play-slots.games\/play-game\/","name":"Service information - Play Slots Games","isPartOf":{"@id":"https:\/\/play-slots.games\/#website"},"primaryImageOfPage":{"@id":"https:\/\/play-slots.games\/play-game\/#primaryimage"},"image":{"@id":"https:\/\/play-slots.games\/play-game\/#primaryimage"},"thumbnailUrl":"https:\/\/play-slots.games\/wp-content\/uploads\/loading.png","datePublished":"2024-04-23T12:01:07+00:00","dateModified":"2024-05-08T09:41:57+00:00","breadcrumb":{"@id":"https:\/\/play-slots.games\/play-game\/#breadcrumb"},"inLanguage":"pt-BR","potentialAction":[{"@type":"ReadAction","target":["https:\/\/play-slots.games\/play-game\/"]}]},{"@type":"ImageObject","inLanguage":"pt-BR","@id":"https:\/\/play-slots.games\/play-game\/#primaryimage","url":"https:\/\/play-slots.games\/wp-content\/uploads\/loading.png","contentUrl":"https:\/\/play-slots.games\/wp-content\/uploads\/loading.png"},{"@type":"BreadcrumbList","@id":"https:\/\/play-slots.games\/play-game\/#breadcrumb","itemListElement":[{"@type":"ListItem","position":1,"name":"Home","item":"https:\/\/play-slots.games\/"},{"@type":"ListItem","position":2,"name":"Service information"}]},{"@type":"WebSite","@id":"https:\/\/play-slots.games\/#website","url":"https:\/\/play-slots.games\/","name":"Play Slots Games","description":"Online Slots Reviews by Patrick Moriarty","publisher":{"@id":"https:\/\/play-slots.games\/#organization"},"potentialAction":[{"@type":"SearchAction","target":{"@type":"EntryPoint","urlTemplate":"https:\/\/play-slots.games\/?s={search_term_string}"},"query-input":{"@type":"PropertyValueSpecification","valueRequired":true,"valueName":"search_term_string"}}],"inLanguage":"pt-BR"},{"@type":"Organization","@id":"https:\/\/play-slots.games\/#organization","name":"Play Slots Games","url":"https:\/\/play-slots.games\/","logo":{"@type":"ImageObject","inLanguage":"pt-BR","@id":"https:\/\/play-slots.games\/#\/schema\/logo\/image\/","url":"https:\/\/play-slots.games\/wp-content\/uploads\/play-slots.games-logo-1.jpeg","contentUrl":"https:\/\/play-slots.games\/wp-content\/uploads\/play-slots.games-logo-1.jpeg","width":1024,"height":1024,"caption":"Play Slots Games"},"image":{"@id":"https:\/\/play-slots.games\/#\/schema\/logo\/image\/"}}]}},"amp_enabled":true,"_links":{"self":[{"href":"https:\/\/play-slots.games\/pt\/wp-json\/wp\/v2\/pages\/3635","targetHints":{"allow":["GET"]}}],"collection":[{"href":"https:\/\/play-slots.games\/pt\/wp-json\/wp\/v2\/pages"}],"about":[{"href":"https:\/\/play-slots.games\/pt\/wp-json\/wp\/v2\/types\/page"}],"author":[{"embeddable":true,"href":"https:\/\/play-slots.games\/pt\/wp-json\/wp\/v2\/users\/1"}],"replies":[{"embeddable":true,"href":"https:\/\/play-slots.games\/pt\/wp-json\/wp\/v2\/comments?post=3635"}],"version-history":[{"count":2,"href":"https:\/\/play-slots.games\/pt\/wp-json\/wp\/v2\/pages\/3635\/revisions"}],"predecessor-version":[{"id":3740,"href":"https:\/\/play-slots.games\/pt\/wp-json\/wp\/v2\/pages\/3635\/revisions\/3740"}],"wp:attachment":[{"href":"https:\/\/play-slots.games\/pt\/wp-json\/wp\/v2\/media?parent=3635"}],"curies":[{"name":"wp","href":"https:\/\/api.w.org\/{rel}","templated":true}]}}