{"id":3627,"date":"2024-04-23T12:00:17","date_gmt":"2024-04-23T12:00:17","guid":{"rendered":"https:\/\/play-slots.games\/?page_id=3627"},"modified":"2024-06-05T14:26:03","modified_gmt":"2024-06-05T14:26:03","slug":"contact-us","status":"publish","type":"page","link":"https:\/\/play-slots.games\/pt\/contact-us\/","title":{"rendered":"Contate-nos"},"content":{"rendered":"<div class=\"09a0407c1a926cb2e6e514cdcae34d94\" data-index=\"1\" style=\"float: none; margin:10px 0 10px 0; text-align:center;\">\n<center>        <div class=\"custom-play-button\">\r\n            <b><a href=\"https:\/\/play-slots.games\/play-game\/\" rel=\"nofollow\" target=\"_blank\">Jogue o jogo agora<\/a><\/b>\r\n        <\/div>\r\n<\/center>\n<\/div>\n<h1>Contate-nos<\/h1>\n<p>Se voc\u00ea tiver alguma d\u00favida, sugest\u00e3o ou precisar de ajuda, estou sempre \u00e0 disposi\u00e7\u00e3o. Quero proporcionar a melhor experi\u00eancia poss\u00edvel no meu site e ficarei sempre feliz em receber seu feedback.<\/p>\n<p>Seus coment\u00e1rios e sugest\u00f5es me ajudam a melhorar e a fornecer conte\u00fado ainda melhor para voc\u00ea.<\/p>\n<p>Obrigado por escolher play-slots.games. Agrade\u00e7o a sua confian\u00e7a.<\/p>\n<p>E-mail: info@play-slots.games<\/p>\n\n<div style=\"font-size: 0px; height: 0px; line-height: 0px; margin: 0; padding: 0; clear: both;\"><\/div>","protected":false},"excerpt":{"rendered":"<p>Entre em contato conosco. Se voc\u00ea tiver alguma d\u00favida, sugest\u00e3o ou precisar de ajuda, estou sempre \u00e0 disposi\u00e7\u00e3o. Quero proporcionar a melhor experi\u00eancia poss\u00edvel no meu site e ficarei feliz em receber seu feedback. Jogue agora! Seu feedback e sugest\u00f5es me ajudam a melhorar e a oferecer conte\u00fado ainda melhor. Obrigado!<\/p>","protected":false},"author":1,"featured_media":0,"parent":0,"menu_order":0,"comment_status":"closed","ping_status":"closed","template":"","meta":{"footnotes":""},"class_list":["post-3627","page","type-page","status-publish","hentry"],"acf":[],"yoast_head":"<!-- This site is optimized with the Yoast SEO plugin v23.9 - https:\/\/yoast.com\/wordpress\/plugins\/seo\/ -->\n<title>Contact us - Play Slots Games<\/title>\n<meta name=\"description\" content=\"Get in touch with play-slots.games for inquiries, feedback, and support. Contact us to learn more about our in-depth slot game reviews and expert insights.\" \/>\n<meta name=\"robots\" content=\"index, follow, max-snippet:-1, max-image-preview:large, max-video-preview:-1\" \/>\n<link rel=\"canonical\" href=\"https:\/\/play-slots.games\/pt\/contact-us\/\" \/>\n<meta property=\"og:locale\" content=\"pt_BR\" \/>\n<meta property=\"og:type\" content=\"article\" \/>\n<meta property=\"og:title\" content=\"Contact us - Play Slots Games\" \/>\n<meta property=\"og:description\" content=\"Get in touch with play-slots.games for inquiries, feedback, and support. Contact us to learn more about our in-depth slot game reviews and expert insights.\" \/>\n<meta property=\"og:url\" content=\"https:\/\/play-slots.games\/pt\/contact-us\/\" \/>\n<meta property=\"og:site_name\" content=\"Play Slots Games\" \/>\n<meta property=\"article:modified_time\" content=\"2024-06-05T14:26:03+00:00\" \/>\n<meta property=\"og:image\" content=\"https:\/\/play-slots.games\/wp-content\/uploads\/play-slots.games-single-page.jpg\" \/>\n\t<meta property=\"og:image:width\" content=\"1200\" \/>\n\t<meta property=\"og:image:height\" content=\"617\" \/>\n\t<meta property=\"og:image:type\" content=\"image\/jpeg\" \/>\n<meta name=\"twitter:card\" content=\"summary_large_image\" \/>\n<meta name=\"twitter:label1\" content=\"Est. tempo de leitura\" \/>\n\t<meta name=\"twitter:data1\" content=\"1 minuto\" \/>\n<script type=\"application\/ld+json\" class=\"yoast-schema-graph\">{\"@context\":\"https:\/\/schema.org\",\"@graph\":[{\"@type\":\"WebPage\",\"@id\":\"https:\/\/play-slots.games\/contact-us\/\",\"url\":\"https:\/\/play-slots.games\/contact-us\/\",\"name\":\"Contact us - Play Slots Games\",\"isPartOf\":{\"@id\":\"https:\/\/play-slots.games\/#website\"},\"datePublished\":\"2024-04-23T12:00:17+00:00\",\"dateModified\":\"2024-06-05T14:26:03+00:00\",\"description\":\"Get in touch with play-slots.games for inquiries, feedback, and support. Contact us to learn more about our in-depth slot game reviews and expert insights.\",\"breadcrumb\":{\"@id\":\"https:\/\/play-slots.games\/contact-us\/#breadcrumb\"},\"inLanguage\":\"pt-BR\",\"potentialAction\":[{\"@type\":\"ReadAction\",\"target\":[\"https:\/\/play-slots.games\/contact-us\/\"]}]},{\"@type\":\"BreadcrumbList\",\"@id\":\"https:\/\/play-slots.games\/contact-us\/#breadcrumb\",\"itemListElement\":[{\"@type\":\"ListItem\",\"position\":1,\"name\":\"Home\",\"item\":\"https:\/\/play-slots.games\/\"},{\"@type\":\"ListItem\",\"position\":2,\"name\":\"Contact us\"}]},{\"@type\":\"WebSite\",\"@id\":\"https:\/\/play-slots.games\/#website\",\"url\":\"https:\/\/play-slots.games\/\",\"name\":\"Play Slots Games\",\"description\":\"Online Slots Reviews by Patrick Moriarty\",\"publisher\":{\"@id\":\"https:\/\/play-slots.games\/#organization\"},\"potentialAction\":[{\"@type\":\"SearchAction\",\"target\":{\"@type\":\"EntryPoint\",\"urlTemplate\":\"https:\/\/play-slots.games\/?s={search_term_string}\"},\"query-input\":{\"@type\":\"PropertyValueSpecification\",\"valueRequired\":true,\"valueName\":\"search_term_string\"}}],\"inLanguage\":\"pt-BR\"},{\"@type\":\"Organization\",\"@id\":\"https:\/\/play-slots.games\/#organization\",\"name\":\"Play Slots Games\",\"url\":\"https:\/\/play-slots.games\/\",\"logo\":{\"@type\":\"ImageObject\",\"inLanguage\":\"pt-BR\",\"@id\":\"https:\/\/play-slots.games\/#\/schema\/logo\/image\/\",\"url\":\"https:\/\/play-slots.games\/wp-content\/uploads\/play-slots.games-logo-1.jpeg\",\"contentUrl\":\"https:\/\/play-slots.games\/wp-content\/uploads\/play-slots.games-logo-1.jpeg\",\"width\":1024,\"height\":1024,\"caption\":\"Play Slots Games\"},\"image\":{\"@id\":\"https:\/\/play-slots.games\/#\/schema\/logo\/image\/\"}}]}<\/script>\n<!-- \/ Yoast SEO plugin. -->","yoast_head_json":{"title":"Contact us - Play Slots Games","description":"Get in touch with play-slots.games for inquiries, feedback, and support. Contact us to learn more about our in-depth slot game reviews and expert insights.","robots":{"index":"index","follow":"follow","max-snippet":"max-snippet:-1","max-image-preview":"max-image-preview:large","max-video-preview":"max-video-preview:-1"},"canonical":"https:\/\/play-slots.games\/pt\/contact-us\/","og_locale":"pt_BR","og_type":"article","og_title":"Contact us - Play Slots Games","og_description":"Get in touch with play-slots.games for inquiries, feedback, and support. Contact us to learn more about our in-depth slot game reviews and expert insights.","og_url":"https:\/\/play-slots.games\/pt\/contact-us\/","og_site_name":"Play Slots Games","article_modified_time":"2024-06-05T14:26:03+00:00","og_image":[{"width":1200,"height":617,"url":"https:\/\/play-slots.games\/wp-content\/uploads\/play-slots.games-single-page.jpg","type":"image\/jpeg"}],"twitter_card":"summary_large_image","twitter_misc":{"Est. tempo de leitura":"1 minuto"},"schema":{"@context":"https:\/\/schema.org","@graph":[{"@type":"WebPage","@id":"https:\/\/play-slots.games\/contact-us\/","url":"https:\/\/play-slots.games\/contact-us\/","name":"Contact us - Play Slots Games","isPartOf":{"@id":"https:\/\/play-slots.games\/#website"},"datePublished":"2024-04-23T12:00:17+00:00","dateModified":"2024-06-05T14:26:03+00:00","description":"Get in touch with play-slots.games for inquiries, feedback, and support. Contact us to learn more about our in-depth slot game reviews and expert insights.","breadcrumb":{"@id":"https:\/\/play-slots.games\/contact-us\/#breadcrumb"},"inLanguage":"pt-BR","potentialAction":[{"@type":"ReadAction","target":["https:\/\/play-slots.games\/contact-us\/"]}]},{"@type":"BreadcrumbList","@id":"https:\/\/play-slots.games\/contact-us\/#breadcrumb","itemListElement":[{"@type":"ListItem","position":1,"name":"Home","item":"https:\/\/play-slots.games\/"},{"@type":"ListItem","position":2,"name":"Contact us"}]},{"@type":"WebSite","@id":"https:\/\/play-slots.games\/#website","url":"https:\/\/play-slots.games\/","name":"Play Slots Games","description":"Online Slots Reviews by Patrick Moriarty","publisher":{"@id":"https:\/\/play-slots.games\/#organization"},"potentialAction":[{"@type":"SearchAction","target":{"@type":"EntryPoint","urlTemplate":"https:\/\/play-slots.games\/?s={search_term_string}"},"query-input":{"@type":"PropertyValueSpecification","valueRequired":true,"valueName":"search_term_string"}}],"inLanguage":"pt-BR"},{"@type":"Organization","@id":"https:\/\/play-slots.games\/#organization","name":"Play Slots Games","url":"https:\/\/play-slots.games\/","logo":{"@type":"ImageObject","inLanguage":"pt-BR","@id":"https:\/\/play-slots.games\/#\/schema\/logo\/image\/","url":"https:\/\/play-slots.games\/wp-content\/uploads\/play-slots.games-logo-1.jpeg","contentUrl":"https:\/\/play-slots.games\/wp-content\/uploads\/play-slots.games-logo-1.jpeg","width":1024,"height":1024,"caption":"Play Slots Games"},"image":{"@id":"https:\/\/play-slots.games\/#\/schema\/logo\/image\/"}}]}},"amp_enabled":true,"_links":{"self":[{"href":"https:\/\/play-slots.games\/pt\/wp-json\/wp\/v2\/pages\/3627","targetHints":{"allow":["GET"]}}],"collection":[{"href":"https:\/\/play-slots.games\/pt\/wp-json\/wp\/v2\/pages"}],"about":[{"href":"https:\/\/play-slots.games\/pt\/wp-json\/wp\/v2\/types\/page"}],"author":[{"embeddable":true,"href":"https:\/\/play-slots.games\/pt\/wp-json\/wp\/v2\/users\/1"}],"replies":[{"embeddable":true,"href":"https:\/\/play-slots.games\/pt\/wp-json\/wp\/v2\/comments?post=3627"}],"version-history":[{"count":5,"href":"https:\/\/play-slots.games\/pt\/wp-json\/wp\/v2\/pages\/3627\/revisions"}],"predecessor-version":[{"id":3759,"href":"https:\/\/play-slots.games\/pt\/wp-json\/wp\/v2\/pages\/3627\/revisions\/3759"}],"wp:attachment":[{"href":"https:\/\/play-slots.games\/pt\/wp-json\/wp\/v2\/media?parent=3627"}],"curies":[{"name":"wp","href":"https:\/\/api.w.org\/{rel}","templated":true}]}}